{"id":2586,"date":"2024-08-12T14:59:44","date_gmt":"2024-08-12T12:59:44","guid":{"rendered":"https:\/\/zyonia.com\/?page_id=2586"},"modified":"2025-04-03T23:07:25","modified_gmt":"2025-04-03T21:07:25","slug":"airz","status":"publish","type":"page","link":"https:\/\/zyonia.com\/en\/airz\/","title":{"rendered":"Visitia"},"content":{"rendered":"<p><img fetchpriority=\"high\" decoding=\"async\" width=\"1364\" height=\"1536\" src=\"http:\/\/zyonia.com\/wp-content\/uploads\/2024\/05\/logo_zyonia_pagina_web_nuevos_largo-10.png\" alt=\"\" srcset=\"https:\/\/zyonia.com\/wp-content\/uploads\/2024\/05\/logo_zyonia_pagina_web_nuevos_largo-10.png 1364w, https:\/\/zyonia.com\/wp-content\/uploads\/2024\/05\/logo_zyonia_pagina_web_nuevos_largo-10-266x300.png 266w, https:\/\/zyonia.com\/wp-content\/uploads\/2024\/05\/logo_zyonia_pagina_web_nuevos_largo-10-909x1024.png 909w, https:\/\/zyonia.com\/wp-content\/uploads\/2024\/05\/logo_zyonia_pagina_web_nuevos_largo-10-768x865.png 768w\" sizes=\"(max-width: 1364px) 100vw, 1364px\" \/><br \/>\n\t\t\t\t\t\t\t\t\t\t\t\t\t<img decoding=\"async\" width=\"800\" height=\"235\" src=\"http:\/\/zyonia.com\/wp-content\/uploads\/2025\/04\/logo_visitia-11-1-1024x301.png\" alt=\"logo visitia\" srcset=\"https:\/\/zyonia.com\/wp-content\/uploads\/2025\/04\/logo_visitia-11-1-1024x301.png 1024w, https:\/\/zyonia.com\/wp-content\/uploads\/2025\/04\/logo_visitia-11-1-300x88.png 300w, https:\/\/zyonia.com\/wp-content\/uploads\/2025\/04\/logo_visitia-11-1-768x226.png 768w, https:\/\/zyonia.com\/wp-content\/uploads\/2025\/04\/logo_visitia-11-1-18x5.png 18w, https:\/\/zyonia.com\/wp-content\/uploads\/2025\/04\/logo_visitia-11-1.png 1061w\" sizes=\"(max-width: 800px) 100vw, 800px\" \/><br \/>\n\t\t\u00a0Redefine la manera en que los agentes y clientes exploran propiedades, ofreciendo una experiencia inmersiva sin precedentes que no solo ahorra tiempo, sino que tambi\u00e9n potencia las ventas.\u00a0\u00a0<br \/>\n\t\t\t\t\t\t\t\t\t\t\t\t\t<img decoding=\"async\" width=\"800\" height=\"800\" src=\"http:\/\/zyonia.com\/wp-content\/uploads\/2024\/08\/sdasd2.png\" alt=\"\" srcset=\"https:\/\/zyonia.com\/wp-content\/uploads\/2024\/08\/sdasd2.png 896w, https:\/\/zyonia.com\/wp-content\/uploads\/2024\/08\/sdasd2-300x300.png 300w, https:\/\/zyonia.com\/wp-content\/uploads\/2024\/08\/sdasd2-150x150.png 150w, https:\/\/zyonia.com\/wp-content\/uploads\/2024\/08\/sdasd2-768x768.png 768w, https:\/\/zyonia.com\/wp-content\/uploads\/2024\/08\/sdasd2-12x12.png 12w\" sizes=\"(max-width: 800px) 100vw, 800px\" \/>\t\t\t\t\t\t\t\t\t\t\t\t\t<\/p>\n<h2>FACILITA Y AUMENTA<br \/>\nLAS VENTAS INMOBILIARIAS<\/h2>\n<h2>\u00abVISITIA ha transformado nuestra forma de vender. Los tours virtuales no solo atraen m\u00e1s inter\u00e9s, tambi\u00e9n nos permiten cerrar ventas m\u00e1s r\u00e1pido. Nuestros clientes est\u00e1n impresionados con la experiencia.\u00bb \u2013 Chema G\u00f3mez, Inmobiliaria ERA<\/h2>\n<p>\t\t\t\t\t\t\t\t\t\t\t\t\t<img loading=\"lazy\" decoding=\"async\" width=\"592\" height=\"1024\" src=\"http:\/\/zyonia.com\/wp-content\/uploads\/2024\/08\/sdasd5-592x1024.png\" alt=\"El_problema_airz\" srcset=\"https:\/\/zyonia.com\/wp-content\/uploads\/2024\/08\/sdasd5-592x1024.png 592w, https:\/\/zyonia.com\/wp-content\/uploads\/2024\/08\/sdasd5-173x300.png 173w, https:\/\/zyonia.com\/wp-content\/uploads\/2024\/08\/sdasd5-7x12.png 7w, https:\/\/zyonia.com\/wp-content\/uploads\/2024\/08\/sdasd5.png 688w\" sizes=\"(max-width: 592px) 100vw, 592px\" \/>\t\t\t\t\t\t\t\t\t\t\t\t\t<\/p>\n<h2>EL PROBLEMA<\/h2>\n<p>\t\tLas visitas tradicionales consumen tiempo, las fotograf\u00edas no capturan la esencia de los inmuebles, y las experiencias son mejorables tanto para los agentes como para los agentes.\u00a0\u00a0<br \/>\n\t\t\t\t\t\t\t\t\t\t\t\t\t<img loading=\"lazy\" decoding=\"async\" width=\"681\" height=\"1024\" src=\"http:\/\/zyonia.com\/wp-content\/uploads\/2024\/08\/sdasd4-681x1024.png\" alt=\"\" srcset=\"https:\/\/zyonia.com\/wp-content\/uploads\/2024\/08\/sdasd4-681x1024.png 681w, https:\/\/zyonia.com\/wp-content\/uploads\/2024\/08\/sdasd4-200x300.png 200w, https:\/\/zyonia.com\/wp-content\/uploads\/2024\/08\/sdasd4-8x12.png 8w, https:\/\/zyonia.com\/wp-content\/uploads\/2024\/08\/sdasd4.png 688w\" sizes=\"(max-width: 681px) 100vw, 681px\" \/>\t\t\t\t\t\t\t\t\t\t\t\t\t<\/p>\n<h2>NUESTRA SOLUCI\u00d3N<\/h2>\n<p>\t\tVISITIA ofrece una visita inmersiva asombrosa que elimina la necesidad de m\u00faltiples visitas f\u00edsicas, facilitando y aumentando las ventas inmobiliarias.\u00a0\u00a0\t\t<\/p>\n<h2>Imagina poder guiar a tus clientes a trav\u00e9s de una casa, mientras ellos sienten como si ya estuvieran viviendo all\u00ed. Cada recorrido es una oportunidad para conectar emocionalmente con la propiedad, incrementando las posibilidades de cerrar una venta desde la primera visita virtual<\/h2>\n<p>\t\t\t\t\t\t\t\t\t\t\t\t\t<img loading=\"lazy\" decoding=\"async\" width=\"800\" height=\"484\" src=\"http:\/\/zyonia.com\/wp-content\/uploads\/2024\/08\/sdasd3-1024x619.png\" alt=\"\" srcset=\"https:\/\/zyonia.com\/wp-content\/uploads\/2024\/08\/sdasd3-1024x619.png 1024w, https:\/\/zyonia.com\/wp-content\/uploads\/2024\/08\/sdasd3-300x181.png 300w, https:\/\/zyonia.com\/wp-content\/uploads\/2024\/08\/sdasd3-768x464.png 768w, https:\/\/zyonia.com\/wp-content\/uploads\/2024\/08\/sdasd3-18x12.png 18w, https:\/\/zyonia.com\/wp-content\/uploads\/2024\/08\/sdasd3.png 1184w\" sizes=\"(max-width: 800px) 100vw, 800px\" \/>\t\t\t\t\t\t\t\t\t\t\t\t\t<\/p>\n<h2>CARACTER\u00cdSTICAS QUE MARCAN LA DIFERENCIA<\/h2>\n<p>\t\tTransforma la manera en la que vendes propiedades<b>: <\/b>Con VISITIA, no solo se muestra un inmueble; se ofrece una experiencia inmersiva que captura la esencia del espacio.\u00a0\u00a0\t\t<\/p>\n<h2>+ Calidad Gr\u00e1fica de \u00daltima Generaci\u00f3n<br \/>\n<\/h2>\n<p>\t\tCon una calidad visual que desaf\u00eda la realidad, cada propiedad cobra vida de manera espectacular, permitiendo a tus clientes experimentar el espacio como si ya estuvieran all\u00ed.\t\t<\/p>\n<h2>+ Gu\u00eda y Asistencia en Tiempo Real<br \/>\n<\/h2>\n<p>\t\tAcompa\u00f1a a tus clientes en cada paso del proceso con soporte inmediato. Cada duda se resuelve al instante, garantizando decisiones bien informadas sin interrupciones, sin perder el ritmo.\t\t<\/p>\n<h2>+ Interacci\u00f3n Colaborativa<br \/>\n<\/h2>\n<p>\t\tInvita a parejas, familias y amigos a explorar juntos, compartiendo opiniones y experiencias en tiempo real.\t\t<\/p>\n<h2>+ Vista A\u00e9rea 3D y Detalles del Entorno<br \/>\n<\/h2>\n<p>\t\tLa exclusiva vista a\u00e9rea tridimensional brinda una experiencia completa de la propiedad y su contexto, asegurando una decisi\u00f3n sin dudas.<br \/>\n\t\t\t\t\t\t\t\t\t\t\t\t\t<img loading=\"lazy\" decoding=\"async\" width=\"683\" height=\"1024\" src=\"http:\/\/zyonia.com\/wp-content\/uploads\/2024\/08\/zyoniagroup_a_white_wall_86e9f204-c011-4acb-bfbd-0909ea4be593-1-683x1024.png\" alt=\"\" srcset=\"https:\/\/zyonia.com\/wp-content\/uploads\/2024\/08\/zyoniagroup_a_white_wall_86e9f204-c011-4acb-bfbd-0909ea4be593-1-683x1024.png 683w, https:\/\/zyonia.com\/wp-content\/uploads\/2024\/08\/zyoniagroup_a_white_wall_86e9f204-c011-4acb-bfbd-0909ea4be593-1-200x300.png 200w, https:\/\/zyonia.com\/wp-content\/uploads\/2024\/08\/zyoniagroup_a_white_wall_86e9f204-c011-4acb-bfbd-0909ea4be593-1-768x1152.png 768w, https:\/\/zyonia.com\/wp-content\/uploads\/2024\/08\/zyoniagroup_a_white_wall_86e9f204-c011-4acb-bfbd-0909ea4be593-1-8x12.png 8w, https:\/\/zyonia.com\/wp-content\/uploads\/2024\/08\/zyoniagroup_a_white_wall_86e9f204-c011-4acb-bfbd-0909ea4be593-1.png 896w\" sizes=\"(max-width: 683px) 100vw, 683px\" \/>\t\t\t\t\t\t\t\t\t\t\t\t\t<\/p>\n<h2>ADEM\u00c1S<\/h2>\n<p>+ Entorno C\u00f3modo y Navegaci\u00f3n Intuitiva\u00a0<\/p>\n<p>\u00a0<\/p>\n<p>+ Preselecci\u00f3n de inmuebles favoritos<\/p>\n<p>\u00a0<\/p>\n<p>+ Filtrado Inteligente de las propiedades<\/p>\n<p>\u00a0<\/p>\n<p>+ Integraci\u00f3n de IA<\/p>\n<p>\u00a0<\/p>\n<p>+ Soporte T\u00e9cnico Continuo<\/p>\n<p>\t\t\t<a href=\"mailto:hello@zyonia.com?subject=Solicitud%20de%20demostraci\u00f3n%20de%20AIRz&#038;body=\u00a1Hola!%20Me%20encantar\u00eda%20obtener%20una%20demostraci\u00f3n%20de%20AIRz.%20\u00a1Estoy%20muy%20emocionado%20por%20conocer%20m\u00e1s!\" id=\"boton-demo\"><br \/>\n\t\t\t\t\t\t\t\t\tSOLICITA UNA DEMOSTRACI\u00d3N<br \/>\n\t\t\t\t\t<\/a><\/p>\n<h2>Haz que cada propiedad brille, cada visita cuente, y cada cliente se enamore de su nuevo hogar.<\/h2>\n<h2>Con VISITIA, la herramienta m\u00e1s avanzada hoy para el mundo inmobiliario.<\/h2>\n<p>\t\t\t\t\t\t\t\t<svg viewbox=\"0 0 512 512\" xmlns=\"http:\/\/www.w3.org\/2000\/svg\"><path d=\"M502.3 190.8c3.9-3.1 9.7-.2 9.7 4.7V400c0 26.5-21.5 48-48 48H48c-26.5 0-48-21.5-48-48V195.6c0-5 5.7-7.8 9.7-4.7 22.4 17.4 52.1 39.5 154.1 113.6 21.1 15.4 56.7 47.8 92.2 47.6 35.7.3 72-32.8 92.3-47.6 102-74.1 131.6-96.3 154-113.7zM256 320c23.2.4 56.6-29.2 73.4-41.4 132.7-96.3 142.8-104.7 173.4-128.7 5.8-4.5 9.2-11.5 9.2-18.9v-19c0-26.5-21.5-48-48-48H48C21.5 64 0 85.5 0 112v19c0 7.4 3.4 14.3 9.2 18.9 30.6 23.9 40.7 32.4 173.4 128.7 16.8 12.2 50.2 41.8 73.4 41.4z\"><\/path><\/svg><br \/>\n\t\t\t\t\t\t\t\t<svg viewbox=\"0 0 512 512\" xmlns=\"http:\/\/www.w3.org\/2000\/svg\"><path d=\"M389.2 48h70.6L305.6 224.2 487 464H345L233.7 318.6 106.5 464H35.8L200.7 275.5 26.8 48H172.4L272.9 180.9 389.2 48zM364.4 421.8h39.1L151.1 88h-42L364.4 421.8z\"><\/path><\/svg><br \/>\n\t\t\t\t\t\t\t\t<svg viewbox=\"0 0 448 512\" xmlns=\"http:\/\/www.w3.org\/2000\/svg\"><path d=\"M416 32H31.9C14.3 32 0 46.5 0 64.3v383.4C0 465.5 14.3 480 31.9 480H416c17.6 0 32-14.5 32-32.3V64.3c0-17.8-14.4-32.3-32-32.3zM135.4 416H69V202.2h66.5V416zm-33.2-243c-21.3 0-38.5-17.3-38.5-38.5S80.9 96 102.2 96c21.2 0 38.5 17.3 38.5 38.5 0 21.3-17.2 38.5-38.5 38.5zm282.1 243h-66.4V312c0-24.8-.5-56.7-34.5-56.7-34.6 0-39.9 27-39.9 54.9V416h-66.4V202.2h63.7v29.2h.9c8.9-16.8 30.6-34.5 62.9-34.5 67.2 0 79.7 44.3 79.7 101.9V416z\"><\/path><\/svg>\t\t\t\t\t\t\t<\/p>\n<h2>LASTEST POSTS<\/h2>\n<figure><a href=\"https:\/\/zyonia.com\/en\/ia-rv-transformando-industrias-y-experiencias\/\" tabindex=\"-1\"><img loading=\"lazy\" decoding=\"async\" width=\"470\" height=\"470\" src=\"http:\/\/zyonia.com\/wp-content\/uploads\/2024\/05\/zyoniagroup__78d57c05-8280-4bdc-be5f-e93ed65f24d2-e1717899341482.png\" alt=\"\" \/><\/a><\/figure>\n<h3><a href=\"https:\/\/zyonia.com\/en\/ia-rv-transformando-industrias-y-experiencias\/\">IA &#038; RV: Transformando industrias y experiencias<\/a><\/h3>\n<p>\u00abLa fusi\u00f3n de estas tecnolog\u00edas transforma la educaci\u00f3n, el sector inmobiliario, el trabajo en equipo, las compras, y mucho m\u00e1s\u00bb<\/p>\n<figure><a href=\"https:\/\/zyonia.com\/en\/protagonistas-de-la-revolucion-digital\/\" tabindex=\"-1\"><img loading=\"lazy\" decoding=\"async\" width=\"470\" height=\"470\" src=\"http:\/\/zyonia.com\/wp-content\/uploads\/2024\/05\/zyoniagroup_logo_of_meta_facbook_e4e62aa6-0ecb-4d77-a0d5-67beaae24e84-e1717899529899.jpg\" alt=\"\" \/><\/a><\/figure>\n<h3><a href=\"https:\/\/zyonia.com\/en\/protagonistas-de-la-revolucion-digital\/\">The protagonists of the Digital Revolution<\/a><\/h3>\n<p>\u00abEn el siglo XXI, la inteligencia artificial y la realidad virtual remodelan nuestra vida cotidiana. Compa\u00f1\u00edas como OpenAI, Meta, y Apple lideran esta revoluci\u00f3n\u00bb<\/p>\n<figure><a href=\"https:\/\/zyonia.com\/en\/tecnologia-en-la-educacion-estamos-preparando-a-las-futuras-generaciones-2\/\" tabindex=\"-1\"><img loading=\"lazy\" decoding=\"async\" width=\"470\" height=\"470\" src=\"http:\/\/zyonia.com\/wp-content\/uploads\/2024\/05\/zyoniagroup_A_simple_minimalist_cover_image_for_an_opinion_arti_e54364b0-e28a-472b-adeb-5815b2956734-e1717917236880.png\" alt=\"\" \/><\/a><\/figure>\n<h3><a href=\"https:\/\/zyonia.com\/en\/tecnologia-en-la-educacion-estamos-preparando-a-las-futuras-generaciones-2\/\">Technology in Education: How are we preparing Future Generations?<\/a><\/h3>\n<p>\u00abLa tecnolog\u00eda tiene el potencial de revolucionar la educaci\u00f3n, pero requiere una implementaci\u00f3n reflexiva y bien estructurada para ser efectiva\u00bb<\/p>\n<p style=\"text-align: center;\"><a href=\"https:\/\/zyonia.com\/en\/politica-de-privacidad-y-aviso-legal\/\">PRIVACY POLICY AND LEGAL NOTICE<\/a><\/p>","protected":false},"excerpt":{"rendered":"<p>\u00a0Redefine la manera en que los agentes y clientes exploran propiedades, ofreciendo una experiencia inmersiva sin precedentes que no solo ahorra tiempo, sino que tambi\u00e9n potencia las ventas.\u00a0\u00a0 FACILITA Y AUMENTA LAS VENTAS INMOBILIARIAS \u00abVISITIA ha transformado nuestra forma de vender. Los tours virtuales no solo atraen m\u00e1s inter\u00e9s, tambi\u00e9n nos permiten cerrar ventas m\u00e1s [&hellip;]<\/p>\n","protected":false},"author":1,"featured_media":0,"parent":0,"menu_order":0,"comment_status":"closed","ping_status":"closed","template":"","meta":{"footnotes":""},"class_list":["post-2586","page","type-page","status-publish","hentry"],"yoast_head":"<!-- This site is optimized with the Yoast SEO plugin v22.7 - https:\/\/yoast.com\/wordpress\/plugins\/seo\/ -->\n<title>Visitia - Zyonia<\/title>\n<meta name=\"robots\" content=\"index, follow, max-snippet:-1, max-image-preview:large, max-video-preview:-1\" \/>\n<link rel=\"canonical\" href=\"https:\/\/zyonia.com\/en\/airz\/\" \/>\n<meta property=\"og:locale\" content=\"en_GB\" \/>\n<meta property=\"og:type\" content=\"article\" \/>\n<meta property=\"og:title\" content=\"Visitia - Zyonia\" \/>\n<meta property=\"og:description\" content=\"\u00a0Redefine la manera en que los agentes y clientes exploran propiedades, ofreciendo una experiencia inmersiva sin precedentes que no solo ahorra tiempo, sino que tambi\u00e9n potencia las ventas.\u00a0\u00a0 FACILITA Y AUMENTA LAS VENTAS INMOBILIARIAS \u00abVISITIA ha transformado nuestra forma de vender. Los tours virtuales no solo atraen m\u00e1s inter\u00e9s, tambi\u00e9n nos permiten cerrar ventas m\u00e1s [&hellip;]\" \/>\n<meta property=\"og:url\" content=\"https:\/\/zyonia.com\/en\/airz\/\" \/>\n<meta property=\"og:site_name\" content=\"Zyonia\" \/>\n<meta property=\"article:modified_time\" content=\"2025-04-03T21:07:25+00:00\" \/>\n<meta property=\"og:image\" content=\"http:\/\/zyonia.com\/wp-content\/uploads\/2024\/05\/logo_zyonia_pagina_web_nuevos_largo-10.png\" \/>\n<meta name=\"twitter:card\" content=\"summary_large_image\" \/>\n<meta name=\"twitter:label1\" content=\"Estimated reading time\" \/>\n\t<meta name=\"twitter:data1\" content=\"5 minutes\" \/>\n<script type=\"application\/ld+json\" class=\"yoast-schema-graph\">{\"@context\":\"https:\/\/schema.org\",\"@graph\":[{\"@type\":\"WebPage\",\"@id\":\"https:\/\/zyonia.com\/airz\/\",\"url\":\"https:\/\/zyonia.com\/airz\/\",\"name\":\"Visitia - Zyonia\",\"isPartOf\":{\"@id\":\"https:\/\/zyonia.com\/#website\"},\"primaryImageOfPage\":{\"@id\":\"https:\/\/zyonia.com\/airz\/#primaryimage\"},\"image\":{\"@id\":\"https:\/\/zyonia.com\/airz\/#primaryimage\"},\"thumbnailUrl\":\"http:\/\/zyonia.com\/wp-content\/uploads\/2024\/05\/logo_zyonia_pagina_web_nuevos_largo-10.png\",\"datePublished\":\"2024-08-12T12:59:44+00:00\",\"dateModified\":\"2025-04-03T21:07:25+00:00\",\"breadcrumb\":{\"@id\":\"https:\/\/zyonia.com\/airz\/#breadcrumb\"},\"inLanguage\":\"en-GB\",\"potentialAction\":[{\"@type\":\"ReadAction\",\"target\":[\"https:\/\/zyonia.com\/airz\/\"]}]},{\"@type\":\"ImageObject\",\"inLanguage\":\"en-GB\",\"@id\":\"https:\/\/zyonia.com\/airz\/#primaryimage\",\"url\":\"http:\/\/zyonia.com\/wp-content\/uploads\/2024\/05\/logo_zyonia_pagina_web_nuevos_largo-10.png\",\"contentUrl\":\"http:\/\/zyonia.com\/wp-content\/uploads\/2024\/05\/logo_zyonia_pagina_web_nuevos_largo-10.png\"},{\"@type\":\"BreadcrumbList\",\"@id\":\"https:\/\/zyonia.com\/airz\/#breadcrumb\",\"itemListElement\":[{\"@type\":\"ListItem\",\"position\":1,\"name\":\"Portada\",\"item\":\"https:\/\/zyonia.com\/\"},{\"@type\":\"ListItem\",\"position\":2,\"name\":\"Visitia\"}]},{\"@type\":\"WebSite\",\"@id\":\"https:\/\/zyonia.com\/#website\",\"url\":\"https:\/\/zyonia.com\/\",\"name\":\"Zyonia\",\"description\":\"IA &amp; VR\",\"publisher\":{\"@id\":\"https:\/\/zyonia.com\/#organization\"},\"potentialAction\":[{\"@type\":\"SearchAction\",\"target\":{\"@type\":\"EntryPoint\",\"urlTemplate\":\"https:\/\/zyonia.com\/?s={search_term_string}\"},\"query-input\":\"required name=search_term_string\"}],\"inLanguage\":\"en-GB\"},{\"@type\":\"Organization\",\"@id\":\"https:\/\/zyonia.com\/#organization\",\"name\":\"Zyonia\",\"url\":\"https:\/\/zyonia.com\/\",\"logo\":{\"@type\":\"ImageObject\",\"inLanguage\":\"en-GB\",\"@id\":\"https:\/\/zyonia.com\/#\/schema\/logo\/image\/\",\"url\":\"https:\/\/zyonia.com\/wp-content\/uploads\/2024\/05\/cropped-logo_zyonia-08-1.jpg\",\"contentUrl\":\"https:\/\/zyonia.com\/wp-content\/uploads\/2024\/05\/cropped-logo_zyonia-08-1.jpg\",\"width\":512,\"height\":512,\"caption\":\"Zyonia\"},\"image\":{\"@id\":\"https:\/\/zyonia.com\/#\/schema\/logo\/image\/\"}}]}<\/script>\n<!-- \/ Yoast SEO plugin. -->","yoast_head_json":{"title":"Visitia - Zyonia","robots":{"index":"index","follow":"follow","max-snippet":"max-snippet:-1","max-image-preview":"max-image-preview:large","max-video-preview":"max-video-preview:-1"},"canonical":"https:\/\/zyonia.com\/en\/airz\/","og_locale":"en_GB","og_type":"article","og_title":"Visitia - Zyonia","og_description":"\u00a0Redefine la manera en que los agentes y clientes exploran propiedades, ofreciendo una experiencia inmersiva sin precedentes que no solo ahorra tiempo, sino que tambi\u00e9n potencia las ventas.\u00a0\u00a0 FACILITA Y AUMENTA LAS VENTAS INMOBILIARIAS \u00abVISITIA ha transformado nuestra forma de vender. Los tours virtuales no solo atraen m\u00e1s inter\u00e9s, tambi\u00e9n nos permiten cerrar ventas m\u00e1s [&hellip;]","og_url":"https:\/\/zyonia.com\/en\/airz\/","og_site_name":"Zyonia","article_modified_time":"2025-04-03T21:07:25+00:00","og_image":[{"url":"http:\/\/zyonia.com\/wp-content\/uploads\/2024\/05\/logo_zyonia_pagina_web_nuevos_largo-10.png"}],"twitter_card":"summary_large_image","twitter_misc":{"Estimated reading time":"5 minutes"},"schema":{"@context":"https:\/\/schema.org","@graph":[{"@type":"WebPage","@id":"https:\/\/zyonia.com\/airz\/","url":"https:\/\/zyonia.com\/airz\/","name":"Visitia - Zyonia","isPartOf":{"@id":"https:\/\/zyonia.com\/#website"},"primaryImageOfPage":{"@id":"https:\/\/zyonia.com\/airz\/#primaryimage"},"image":{"@id":"https:\/\/zyonia.com\/airz\/#primaryimage"},"thumbnailUrl":"http:\/\/zyonia.com\/wp-content\/uploads\/2024\/05\/logo_zyonia_pagina_web_nuevos_largo-10.png","datePublished":"2024-08-12T12:59:44+00:00","dateModified":"2025-04-03T21:07:25+00:00","breadcrumb":{"@id":"https:\/\/zyonia.com\/airz\/#breadcrumb"},"inLanguage":"en-GB","potentialAction":[{"@type":"ReadAction","target":["https:\/\/zyonia.com\/airz\/"]}]},{"@type":"ImageObject","inLanguage":"en-GB","@id":"https:\/\/zyonia.com\/airz\/#primaryimage","url":"http:\/\/zyonia.com\/wp-content\/uploads\/2024\/05\/logo_zyonia_pagina_web_nuevos_largo-10.png","contentUrl":"http:\/\/zyonia.com\/wp-content\/uploads\/2024\/05\/logo_zyonia_pagina_web_nuevos_largo-10.png"},{"@type":"BreadcrumbList","@id":"https:\/\/zyonia.com\/airz\/#breadcrumb","itemListElement":[{"@type":"ListItem","position":1,"name":"Portada","item":"https:\/\/zyonia.com\/"},{"@type":"ListItem","position":2,"name":"Visitia"}]},{"@type":"WebSite","@id":"https:\/\/zyonia.com\/#website","url":"https:\/\/zyonia.com\/","name":"Zyonia","description":"AI &amp; VR","publisher":{"@id":"https:\/\/zyonia.com\/#organization"},"potentialAction":[{"@type":"SearchAction","target":{"@type":"EntryPoint","urlTemplate":"https:\/\/zyonia.com\/?s={search_term_string}"},"query-input":"required name=search_term_string"}],"inLanguage":"en-GB"},{"@type":"Organization","@id":"https:\/\/zyonia.com\/#organization","name":"Zyonia","url":"https:\/\/zyonia.com\/","logo":{"@type":"ImageObject","inLanguage":"en-GB","@id":"https:\/\/zyonia.com\/#\/schema\/logo\/image\/","url":"https:\/\/zyonia.com\/wp-content\/uploads\/2024\/05\/cropped-logo_zyonia-08-1.jpg","contentUrl":"https:\/\/zyonia.com\/wp-content\/uploads\/2024\/05\/cropped-logo_zyonia-08-1.jpg","width":512,"height":512,"caption":"Zyonia"},"image":{"@id":"https:\/\/zyonia.com\/#\/schema\/logo\/image\/"}}]}},"_links":{"self":[{"href":"https:\/\/zyonia.com\/en\/wp-json\/wp\/v2\/pages\/2586","targetHints":{"allow":["GET"]}}],"collection":[{"href":"https:\/\/zyonia.com\/en\/wp-json\/wp\/v2\/pages"}],"about":[{"href":"https:\/\/zyonia.com\/en\/wp-json\/wp\/v2\/types\/page"}],"author":[{"embeddable":true,"href":"https:\/\/zyonia.com\/en\/wp-json\/wp\/v2\/users\/1"}],"replies":[{"embeddable":true,"href":"https:\/\/zyonia.com\/en\/wp-json\/wp\/v2\/comments?post=2586"}],"version-history":[{"count":699,"href":"https:\/\/zyonia.com\/en\/wp-json\/wp\/v2\/pages\/2586\/revisions"}],"predecessor-version":[{"id":4195,"href":"https:\/\/zyonia.com\/en\/wp-json\/wp\/v2\/pages\/2586\/revisions\/4195"}],"wp:attachment":[{"href":"https:\/\/zyonia.com\/en\/wp-json\/wp\/v2\/media?parent=2586"}],"curies":[{"name":"wp","href":"https:\/\/api.w.org\/{rel}","templated":true}]}}